{"id":6,"date":"2016-02-14T17:22:31","date_gmt":"2016-02-14T16:22:31","guid":{"rendered":"http:\/\/www.ast-est.at\/?page_id=6"},"modified":"2023-02-14T16:03:45","modified_gmt":"2023-02-14T15:03:45","slug":"ilustrationen-publikationen","status":"publish","type":"page","link":"https:\/\/www.ast-est.at\/?page_id=6","title":{"rendered":"Illustrationen \/ Publikationen"},"content":{"rendered":"<p>&nbsp;<\/p>\n<figure id=\"attachment_385\" aria-describedby=\"caption-attachment-385\" style=\"width: 150px\" class=\"wp-caption alignleft\"><img decoding=\"async\" class=\"size-thumbnail wp-image-385\" src=\"http:\/\/www.ast-est.at\/wp-content\/uploads\/2016\/02\/Skizzenheft-Astrid18-150x150.jpg\" alt=\"Meditatives Zeichnen\" width=\"150\" height=\"150\" srcset=\"https:\/\/www.ast-est.at\/wp-content\/uploads\/2016\/02\/Skizzenheft-Astrid18-150x150.jpg 150w, https:\/\/www.ast-est.at\/wp-content\/uploads\/2016\/02\/Skizzenheft-Astrid18-250x250.jpg 250w, https:\/\/www.ast-est.at\/wp-content\/uploads\/2016\/02\/Skizzenheft-Astrid18-174x174.jpg 174w\" sizes=\"(max-width: 150px) 100vw, 150px\" \/><figcaption id=\"caption-attachment-385\" class=\"wp-caption-text\">Meditatives Zeichnen<\/figcaption><\/figure>\n<p><strong><em>&#8222;Meditatives Zeichnen&#8220;<\/em><\/strong><\/p>\n<p style=\"text-align: left;\" align=\"CENTER\"><span style=\"font-family: 'Segoe Print';\"><span style=\"font-size: x-large;\"><b>Ein Malbuch f\u00fcr Erwachsene &#8211;\u00a0<\/b><\/span><\/span><\/p>\n<p style=\"text-align: left;\" align=\"CENTER\"><span style=\"font-family: 'Segoe Print';\"><span style=\"font-size: x-large;\"><b>zum verschenken\u00a0<\/b><\/span><\/span><span style=\"font-family: 'Segoe Print';\"><span style=\"font-size: x-large;\"><b>oder selbst\u00a0<\/b><\/span><\/span><span style=\"font-family: 'Segoe Print';\"><span style=\"font-size: x-large;\"><b>entspannen und genie\u00dfen.<\/b><\/span><\/span><\/p>\n<p style=\"text-align: left;\" align=\"CENTER\"><strong><span style=\"color: #000000;\">\u2026<\/span><\/strong><strong><span style=\"color: #000000;\"><span style=\"font-family: Arial, sans-serif;\"><span style=\"font-size: medium;\">den Stift \u00fcber das Papier gleiten lassen\u2026\u00a0<\/span><\/span><\/span><\/strong><strong><span style=\"color: #000000;\"><span style=\"font-family: Arial, sans-serif;\"><span style=\"font-size: medium;\">ohne bestimmtes Ziel\u2026.<\/span><\/span><\/span><\/strong><\/p>\n<p style=\"text-align: left;\" align=\"CENTER\"><strong><span style=\"color: #000000;\"><span style=\"font-family: Arial, sans-serif;\"><span style=\"font-size: medium;\">Muster und Formen d\u00fcrfen entstehen\u2026<\/span><\/span><\/span><\/strong><strong><span style=\"color: #000000;\"><span style=\"font-family: Arial, sans-serif;\"><span style=\"font-size: medium;\">abstrakt oder gegenst\u00e4ndlich\u2026<\/span><\/span><\/span><\/strong><strong><span style=\"color: #000000;\"><span style=\"font-family: Arial, sans-serif;\"><span style=\"font-size: medium;\">ohne Bewertung\u2026<\/span><\/span><\/span><\/strong><\/p>\n<p style=\"text-align: left;\" align=\"CENTER\"><strong><span style=\"color: #000000;\"><span style=\"font-family: Arial, sans-serif;\"><span style=\"font-size: medium;\">&#8230;die Malvorlagen bunt ausmalen&#8230;.<\/span><\/span><\/span><\/strong><strong><span style=\"color: #000000;\"><span style=\"font-family: Arial, sans-serif;\"><span style=\"font-size: medium;\">und sich so entspannen.<\/span><\/span><\/span><\/strong><b> <\/b><\/p>\n<p style=\"text-align: left;\">Idee und Illustrationen: Astrid Esterlus<\/p>\n<p style=\"text-align: left;\"><strong>Format<\/strong>: \u00a0A4, 28 Seiten<\/p>\n<p style=\"text-align: left;\"><img decoding=\"async\" class=\"size-thumbnail wp-image-386 alignleft\" src=\"http:\/\/www.ast-est.at\/wp-content\/uploads\/2016\/02\/Blume_1_oRand_xxs-150x150.jpg\" alt=\"Blume_1_oRand_xxs\" width=\"150\" height=\"150\" srcset=\"https:\/\/www.ast-est.at\/wp-content\/uploads\/2016\/02\/Blume_1_oRand_xxs-150x150.jpg 150w, https:\/\/www.ast-est.at\/wp-content\/uploads\/2016\/02\/Blume_1_oRand_xxs-212x214.jpg 212w, https:\/\/www.ast-est.at\/wp-content\/uploads\/2016\/02\/Blume_1_oRand_xxs-174x174.jpg 174w\" sizes=\"(max-width: 150px) 100vw, 150px\" \/><\/p>\n<p style=\"text-align: left;\"><strong>Erscheinungsdatum<\/strong>:\u00a02017 \u00a0Wien, Selbstverlag<\/p>\n<p style=\"text-align: left;\"><strong>Preis<\/strong>: \u20ac 8.- zuz\u00fcglich Porto<\/p>\n<p style=\"text-align: left;\">Bestellung \u00fcber\u00a0Anfrage an\u00a0<strong><a href=\"mailto:office@ast-est.at\">office@ast-est.at<\/a><\/strong><\/p>\n<p><em><strong>&lt;&lt;&lt;&lt;&lt;&lt;&lt;&lt;&lt;&lt;&lt;&lt;&lt;&lt;&lt;&lt;&lt;&lt;&lt;&lt;&lt;&lt;&lt;&lt;&lt;&lt;&lt;&lt;&lt;&lt;&lt;&lt;&lt;&lt;&lt;&lt;&lt;&lt;&lt;&lt;&lt;&lt;&lt;&lt;&lt;&lt;&lt;&lt;&lt;&lt;&lt;&lt;&lt;&lt;&lt;&lt;&lt;&lt;&lt;&lt;&lt;&lt;<\/strong><\/em><\/p>\n<p><em><strong><br \/>\n&#8222;Fasching mit den kleinen Monstern&#8220;<\/strong><\/em><\/p>\n<figure id=\"attachment_392\" aria-describedby=\"caption-attachment-392\" style=\"width: 350px\" class=\"wp-caption alignnone\"><img fetchpriority=\"high\" decoding=\"async\" class=\"wp-image-392 size-full\" src=\"http:\/\/www.ast-est.at\/wp-content\/uploads\/2016\/04\/Titelblatt_Monsterfasching_xxs.jpg\" alt=\"Titelblatt Fasching mit den kleinen Monstern\" width=\"350\" height=\"484\" srcset=\"https:\/\/www.ast-est.at\/wp-content\/uploads\/2016\/04\/Titelblatt_Monsterfasching_xxs.jpg 350w, https:\/\/www.ast-est.at\/wp-content\/uploads\/2016\/04\/Titelblatt_Monsterfasching_xxs-217x300.jpg 217w\" sizes=\"(max-width: 350px) 100vw, 350px\" \/><figcaption id=\"caption-attachment-392\" class=\"wp-caption-text\">Titelblatt Fasching mit den kleinen Monstern<\/figcaption><\/figure>\n<p><em>Herr Lehrer Klebling verk\u00fcndet in der Schule, dass sich die kleinen Monster zu Fasching verkleiden k\u00f6nnen&#8230;.<\/em><\/p>\n<p>Ein Buch zum Vorlesen, Selbstlesen und Anmalen.<\/p>\n<p><img loading=\"lazy\" decoding=\"async\" class=\"size-medium wp-image-381 alignleft\" src=\"http:\/\/www.ast-est.at\/wp-content\/uploads\/2016\/02\/Lehrer-Klebling_Auss_kl-279x300.jpg\" alt=\"Lehrer Klebling_Auss_kl\" width=\"279\" height=\"300\" srcset=\"https:\/\/www.ast-est.at\/wp-content\/uploads\/2016\/02\/Lehrer-Klebling_Auss_kl-279x300.jpg 279w, https:\/\/www.ast-est.at\/wp-content\/uploads\/2016\/02\/Lehrer-Klebling_Auss_kl.jpg 326w\" sizes=\"(max-width: 279px) 100vw, 279px\" \/><\/p>\n<p style=\"text-align: left;\">Idee und Illustrationen: Astrid Esterlus<\/p>\n<p style=\"text-align: left;\">Text und Gestaltung: Lydia Langer<\/p>\n<p style=\"text-align: left;\"><strong>Sprache<\/strong>: Deutsch<\/p>\n<p style=\"text-align: left;\"><strong>Format<\/strong>: Kinderbuch, A5, 32\u00a0Seiten<\/p>\n<p style=\"text-align: left;\"><strong>Altersempfehlung<\/strong>:\u00a04-11 Jahre<\/p>\n<p style=\"text-align: left;\"><strong>Erscheinungsdatum<\/strong>:\u00a02017 \u00a0Wien, Selbstverlag<\/p>\n<p style=\"text-align: left;\"><strong>Preis<\/strong>: \u20ac 5.- zuz\u00fcglich Porto<\/p>\n<p style=\"text-align: left;\">Bestellung \u00fcber\u00a0Anfrage an\u00a0<strong><a href=\"mailto:office@ast-est.at\">office@ast-est.at<\/a><\/strong><\/p>\n<p>&nbsp;<\/p>\n<p>&lt;&lt;&lt;&lt;&lt;&lt;&lt;&lt;&lt;&lt;&lt;&lt;&lt;&lt;&lt;&lt;&lt;&lt;&lt;&lt;&lt;&lt;&lt;&lt;&lt;&lt;&lt;&lt;&lt;&lt;&lt;&lt;&lt;&lt;&lt;&lt;&lt;&lt;&lt;&lt;&lt;&lt;&lt;&lt;&lt;&lt;&lt;&lt;&lt;&lt;<\/p>\n<p><strong>&#8222;Weihnachten mit den kleinen Monstern&#8220;\u00a0<\/strong><\/p>\n<p>Vier klei<img decoding=\"async\" class=\"alignleft\" src=\"http:\/\/www.epubli.de\/shop\/buch\/57312\/cover\/front\/200\" alt=\"Weihnachten mit den kleinen Monstern - Ein Buch zum Vorlesen, Selbstlesen und Anmalen. - Lydia Langer, Antonia Langer, Astrid Esterlus\" \/>ne Monster m\u00f6chten f\u00fcr die Schule einen Weihnachtsbaum besorgen. Nachdem sie einen gefunden haben, erlaubt ihnen die Frau Lehrerin Gruselknuddel diesen vor dem Klassenzimmer aufzustellen.<\/p>\n<p><span id=\"more_text\"><br \/>\nDieses Buch ist gedacht zum Vorlesen, Selberlesen und zum Ausmalen. Die Monster k\u00f6nnen nach der Fantasie der Kinder bunt gestaltet werden. Dadurch wird die Kreativit\u00e4t und Feinmotorik der Kinder gef\u00f6rdert. <\/span><\/p>\n<p>&nbsp;<\/p>\n<p><a href=\"http:\/\/www.epubli.de\/\/shop\/buch\/Weihnachten-mit-den-kleinen-Monstern-Lydia-Langer-Antonia-Langer-Astrid-Esterlus-9783741862311\/57312?utm_medium=email&amp;utm_source=transactional&amp;utm_campaign=Systemmail_PublishedSuccessfully#beschreibung\" target=\"_blank\" rel=\"noopener\">Bestellung<\/a>\u00a0 epubli.de\/\/shop (Achtung Versandkosten!) oder Anfrage an\u00a0<strong><a href=\"mailto:office@ast-est.at\">office@ast-est.at<\/a><\/strong><\/p>\n<p><strong>Sprache<\/strong>: Deutsch<\/p>\n<p><strong>ISBN<\/strong>: <span class=\"property\">9783741862311<\/span><\/p>\n<p>Format: Kinderbuch, ca. 15 x 15 cm, 24\u00a0Seiten<\/p>\n<p><strong>Altersempfehlung<\/strong>:\u00a0Vorschulater, Erstleser<\/p>\n<p>Erscheinungsdatum: 03.11.2016<\/p>\n<p><strong>Preis<\/strong>: \u20ac 5.- bei Selbstabholung<\/p>\n<p><strong>Schlagworte<\/strong>: Malbuch, Erstleser, Kinderbuch, Monster<\/p>\n<p>&nbsp;<\/p>\n<p>&lt;&lt;&lt;&lt;&lt;&lt;&lt;&lt;&lt;&lt;&lt;&lt;&lt;&lt;&lt;&lt;&lt;&lt;&lt;&lt;&lt;&lt;&lt;&lt;&lt;&lt;&lt;&lt;&lt;&lt;&lt;&lt;&lt;&lt;&lt;&lt;&lt;&lt;&lt;&lt;&lt;&lt;&lt;&lt;&lt;&lt;&lt;&lt;&lt;&lt;<\/p>\n<p><strong>Illustrationen f\u00fcr die Firma Marcay<\/strong><\/p>\n<p>map Marcay<\/p>\n<p><img loading=\"lazy\" decoding=\"async\" class=\"attachment-post-thumbnail size-post-thumbnail alignleft\" src=\"http:\/\/www.ast-est.at\/wp-content\/uploads\/2016\/02\/map-Edit_kl-250x250.jpg\" sizes=\"(max-width: 250px) 100vw, 250px\" srcset=\"http:\/\/www.ast-est.at\/wp-content\/uploads\/2016\/02\/map-Edit_kl-150x150.jpg 150w, http:\/\/www.ast-est.at\/wp-content\/uploads\/2016\/02\/map-Edit_kl-250x250.jpg 250w, http:\/\/www.ast-est.at\/wp-content\/uploads\/2016\/02\/map-Edit_kl-174x174.jpg 174w\" alt=\"map-Edit_kl\" width=\"250\" height=\"250\" \/><\/p>\n<p>&nbsp;<\/p>\n<p>&nbsp;<\/p>\n<p>&nbsp;<\/p>\n<p>&nbsp;<\/p>\n<figure id=\"attachment_223\" aria-describedby=\"caption-attachment-223\" style=\"width: 169px\" class=\"wp-caption alignleft\"><img loading=\"lazy\" decoding=\"async\" class=\"wp-image-223 size-full\" src=\"http:\/\/www.ast-est.at\/wp-content\/uploads\/2016\/02\/Zahnraeder_Haende_kl_A.jpg\" alt=\"Zahnraeder Haende\" width=\"169\" height=\"209\" \/><figcaption id=\"caption-attachment-223\" class=\"wp-caption-text\">Illustration f\u00fcr Fa. <a href=\"http:\/\/www.marcay.at\/index.html\" target=\"_blank\" rel=\"noopener\">Marcay<\/a><\/figcaption><\/figure>\n<p>&nbsp;<\/p>\n<p>&nbsp;<\/p>\n<p>&nbsp;<\/p>\n<p>&nbsp;<\/p>\n<p>&nbsp;<\/p>\n<p>&nbsp;<\/p>\n<p>&nbsp;<\/p>\n<hr \/>\n<p style=\"text-align: left;\"><strong>\u201eMeine wundersame Reise mit Arthur Karik\u201c<\/strong><br \/>\nGedichte: Markus Preissl \u00a0 \u00a0<a href=\"http:\/\/www.epikus.net\" target=\"_blank\" rel=\"noopener\">www.epikus.net<\/a><\/p>\n<p style=\"text-align: left;\">Illustrationen: Astrid Esterlus<\/p>\n<p style=\"text-align: left;\"><img loading=\"lazy\" decoding=\"async\" class=\"alignnone wp-image-293 size-full\" src=\"http:\/\/www.ast-est.at\/wp-content\/uploads\/2016\/02\/Arthur_Karik_cover-1.jpg\" alt=\"arthur_karik_cover\" width=\"631\" height=\"635\" srcset=\"https:\/\/www.ast-est.at\/wp-content\/uploads\/2016\/02\/Arthur_Karik_cover-1.jpg 631w, https:\/\/www.ast-est.at\/wp-content\/uploads\/2016\/02\/Arthur_Karik_cover-1-150x150.jpg 150w, https:\/\/www.ast-est.at\/wp-content\/uploads\/2016\/02\/Arthur_Karik_cover-1-298x300.jpg 298w, https:\/\/www.ast-est.at\/wp-content\/uploads\/2016\/02\/Arthur_Karik_cover-1-174x174.jpg 174w\" sizes=\"(max-width: 631px) 100vw, 631px\" \/><\/p>\n<figure id=\"attachment_295\" aria-describedby=\"caption-attachment-295\" style=\"width: 216px\" class=\"wp-caption alignnone\"><a href=\"http:\/\/www.ast-est.at\/wp-content\/uploads\/2016\/02\/Der-Schottenrock_.jpg\"><img loading=\"lazy\" decoding=\"async\" class=\"wp-image-295 size-medium\" src=\"http:\/\/www.ast-est.at\/wp-content\/uploads\/2016\/02\/Der-Schottenrock_-216x300.jpg\" alt=\"Der Schottenrock\" width=\"216\" height=\"300\" srcset=\"https:\/\/www.ast-est.at\/wp-content\/uploads\/2016\/02\/Der-Schottenrock_-216x300.jpg 216w, https:\/\/www.ast-est.at\/wp-content\/uploads\/2016\/02\/Der-Schottenrock_.jpg 640w\" sizes=\"(max-width: 216px) 100vw, 216px\" \/><\/a><figcaption id=\"caption-attachment-295\" class=\"wp-caption-text\">Der Schottenrock<\/figcaption><\/figure>\n<p style=\"text-align: left;\">2016 epubli \u00a0ISBN:\u00a09783737579452<\/p>\n<p style=\"text-align: left;\">Erh\u00e4ltlich bei:\u00a0<a href=\"http:\/\/www.epubli.de\/shop\/buch\/Meine-wundersame-Reise-mit-Arthur-Karik-Markus-Preissl-9783737579452\/49106#beschreibung\" target=\"_blank\" rel=\"noopener\">epubli<\/a>,\u00a0<a href=\"http:\/\/www.amazon.de\/Meine-wundersame-Reise-Arthur-Karik\/dp\/3737579458\" target=\"_blank\" rel=\"noopener\">amazon<\/a>,\u00a0<a href=\"http:\/\/www.morawa-buch.at\/detail\/ISBN-9783737579452\/Preissl-Markus\/Meine-wundersame-Reise-mit-Arthur-Karik\" target=\"_blank\" rel=\"noopener\">Morawa<\/a>,\u00a0uvm.<\/p>\n<p style=\"text-align: left;\">&lt;&lt;&lt;&lt;&lt;&lt;&lt;&lt;&lt;&lt;&lt;&lt;&lt;&lt;&lt;&lt;&lt;&lt;&lt;&lt;&lt;&lt;&lt;&lt;&lt;&lt;&lt;&lt;&lt;&lt;&lt;&lt;&lt;&lt;&lt;&lt;&lt;&lt;&lt;&lt;&lt;&lt;&lt;&lt;&lt;<\/p>\n<p><img decoding=\"async\" class=\"alignleft\" src=\"http:\/\/www.epubli.de\/shop\/buch\/47242\/cover\/front\/200\" alt=\"gemEinsam - Manfred Wadsack\" \/><\/p>\n<p style=\"text-align: left;\"><strong>\u201egemEinsam\u201c<\/strong><\/p>\n<p style=\"text-align: left;\">Manfred Wadsack, Roman<br \/>\nAstrid Esterlus Umschlag-Gestaltung<br \/>\n2015 epubli<br \/>\nISBN:\u00a09783737552899<\/p>\n<p style=\"text-align: left;\"><a href=\"http:\/\/www.epubli.de\/shop\/buch\/gemEinsam-Manfred-Wadsack-9783737552899\/47242\" target=\"_blank\" rel=\"noopener\">epubli<\/a><\/p>\n","protected":false},"excerpt":{"rendered":"<p>&nbsp; &#8222;Meditatives Zeichnen&#8220; Ein Malbuch f\u00fcr Erwachsene &#8211;\u00a0 zum verschenken\u00a0oder selbst\u00a0entspannen und genie\u00dfen. \u2026den Stift \u00fcber das Papier gleiten lassen\u2026\u00a0ohne bestimmtes Ziel\u2026. Muster und Formen d\u00fcrfen entstehen\u2026abstrakt oder gegenst\u00e4ndlich\u2026ohne Bewertung\u2026 &#8230;die Malvorlagen bunt ausmalen&#8230;.und sich so entspannen. Idee und Illustrationen: Astrid Esterlus Format: \u00a0A4, 28 Seiten Erscheinungsdatum:\u00a02017 \u00a0Wien, Selbstverlag Preis: \u20ac 8.- zuz\u00fcglich Porto Bestellung &hellip; <\/p>\n<p class=\"link-more\"><a href=\"https:\/\/www.ast-est.at\/?page_id=6\" class=\"more-link\"><span class=\"screen-reader-text\">\u201eIllustrationen \/ Publikationen\u201c<\/span> weiterlesen<\/a><\/p>\n","protected":false},"author":4,"featured_media":224,"parent":0,"menu_order":0,"comment_status":"closed","ping_status":"closed","template":"template-fullwidth.php","meta":{"footnotes":""},"class_list":["post-6","page","type-page","status-publish","has-post-thumbnail","hentry"],"_links":{"self":[{"href":"https:\/\/www.ast-est.at\/index.php?rest_route=\/wp\/v2\/pages\/6","targetHints":{"allow":["GET"]}}],"collection":[{"href":"https:\/\/www.ast-est.at\/index.php?rest_route=\/wp\/v2\/pages"}],"about":[{"href":"https:\/\/www.ast-est.at\/index.php?rest_route=\/wp\/v2\/types\/page"}],"author":[{"embeddable":true,"href":"https:\/\/www.ast-est.at\/index.php?rest_route=\/wp\/v2\/users\/4"}],"replies":[{"embeddable":true,"href":"https:\/\/www.ast-est.at\/index.php?rest_route=%2Fwp%2Fv2%2Fcomments&post=6"}],"version-history":[{"count":30,"href":"https:\/\/www.ast-est.at\/index.php?rest_route=\/wp\/v2\/pages\/6\/revisions"}],"predecessor-version":[{"id":2057,"href":"https:\/\/www.ast-est.at\/index.php?rest_route=\/wp\/v2\/pages\/6\/revisions\/2057"}],"wp:featuredmedia":[{"embeddable":true,"href":"https:\/\/www.ast-est.at\/index.php?rest_route=\/wp\/v2\/media\/224"}],"wp:attachment":[{"href":"https:\/\/www.ast-est.at\/index.php?rest_route=%2Fwp%2Fv2%2Fmedia&parent=6"}],"curies":[{"name":"wp","href":"https:\/\/api.w.org\/{rel}","templated":true}]}}