{"id":10,"date":"2016-02-14T17:23:22","date_gmt":"2016-02-14T16:23:22","guid":{"rendered":"http:\/\/www.ast-est.at\/?page_id=10"},"modified":"2023-12-26T19:32:40","modified_gmt":"2023-12-26T18:32:40","slug":"event-begleitung","status":"publish","type":"page","link":"https:\/\/www.ast-est.at\/?page_id=10","title":{"rendered":"Event-Begleitung"},"content":{"rendered":"<p><span style=\"color: #000000;\"><strong>Ihre <span style=\"color: #ff0000;\"><em>FEIER<\/em> <\/span>dauerhaft\u00a0in Erinnerung behalten \/\u00a0<span style=\"color: #ff0000;\"><em>TEAM-BUILDING Workshop<\/em><\/span><\/strong><\/span><\/p>\n<p>Ein <em><strong>gemeinsam gemaltes Bild<\/strong><\/em> sorgt f\u00fcr eine dauerhafte Erinnerung an<br \/>\nIhr wunderbares Hochzeitsfest,<br \/>\nden so unterhaltsamen Polterabend,<br \/>\ndie gelungene Festlichkeit zum runden Geburtstag<br \/>\ndas gl\u00e4nzende Jubil\u00e4umsfest zum Ehrentag<br \/>\ndie gro\u00dfe Firmenfeier<br \/>\n\u2026<br \/>\nSie m\u00f6chten etwas Besonderes schenken, an dem sich alle G\u00e4ste beteiligen k\u00f6nnen und sp\u00e4ter ihren individuellen Beitrag<strong> wieder erkennen<\/strong>?\u00a0Ein gemeinsam gestaltetes Bild ist ein idealer Programmpunkt f\u00fcr eine Feier.<br \/>\nEin gemeinsames Bild malen \u2013 mit <strong>Anleitung f\u00fcr unge\u00fcbte<\/strong> Maler und Malerinnen. W\u00e4hlen Sie aus verschiedenen Motiven. Bei Bedarf k\u00f6nnen auch individuelle Themen gestaltet werden.<\/p>\n<p><em><strong>Kosten<\/strong><\/em>:<br \/>\n<strong>Basispaket<\/strong>: \u20ac 180,-<br \/>\nvorbereitete Leinwand, Farben, Pinsel<br \/>\n1,5 Stunden fachliche Anleitung beim Malen,<br \/>\nFertigstellung des Bildes<\/p>\n<p>jede weitere Stunde zus\u00e4tzlich \u20ac 60,-<\/p>\n<p><em><strong>Zusatzangebot<\/strong><\/em>:<br \/>\nVerarbeitung des Bildes zu<strong> Dank-Karten<\/strong> (Hochzeit) ab \u20ac \u00a090,-<br \/>\nDruck der Karten: Weitere Preise auf Anfrage, abh\u00e4ngig von der St\u00fcckzahl und Papier-Qualit\u00e4t<\/p>\n<p>Rahmen auf Anfrage<\/p>\n<p><em><strong>Motive<\/strong><\/em>:<br \/>\nBlumenstrau\u00df in der Vase<br \/>\nStillleben<br \/>\nBaum mit \u201eFr\u00fcchten\u201c<br \/>\nLandschaft<br \/>\nHerzen<br \/>\nLabyrinth<br \/>\nMal-Zeit f\u00fcr spontane Ideen und entspanntes Umgehen mit individuellem Farbempfinden<\/p>\n<p><em>Zusatzangebot:<strong> Malen und Zeichnen f\u00fcr Kinder w\u00e4hrend der Feier<\/strong><\/em><\/p>\n<p>Damit auch die Kinder eine kreative Besch\u00e4ftigung haben, malen\u00a0und zeichnen sie eigene Bilder. Die Materialien richten sich nach dem Alter der Kinder. Buntstifte, Wachsmalkreiden oder Wasserfarben und Papier\u00a0werden bereitgestellt.<\/p>\n<p>Preis pro Stunde: \u20ac 60,- bis vier Kinder.<\/p>\n<p>Die Teilnahme erfolgt auf eigene Verantwortung der jeweiligen Teilnehmer*in. Eltern haften f\u00fcr ihre Kinder.<\/p>\n<p>Aufgrund der Kleinunternehmerregelung verrechne ich keine Umsatzsteuer.<\/p>\n","protected":false},"excerpt":{"rendered":"<p>Ihre FEIER dauerhaft\u00a0in Erinnerung behalten \/\u00a0TEAM-BUILDING Workshop Ein gemeinsam gemaltes Bild sorgt f\u00fcr eine dauerhafte Erinnerung an Ihr wunderbares Hochzeitsfest, den so unterhaltsamen Polterabend, die gelungene Festlichkeit zum runden Geburtstag das gl\u00e4nzende Jubil\u00e4umsfest zum Ehrentag die gro\u00dfe Firmenfeier \u2026 Sie m\u00f6chten etwas Besonderes schenken, an dem sich alle G\u00e4ste beteiligen k\u00f6nnen und sp\u00e4ter ihren individuellen &hellip; <\/p>\n<p class=\"link-more\"><a href=\"https:\/\/www.ast-est.at\/?page_id=10\" class=\"more-link\"><span class=\"screen-reader-text\">\u201eEvent-Begleitung\u201c<\/span> weiterlesen<\/a><\/p>\n","protected":false},"author":4,"featured_media":0,"parent":0,"menu_order":0,"comment_status":"closed","ping_status":"closed","template":"template-fullwidth.php","meta":{"footnotes":""},"class_list":["post-10","page","type-page","status-publish","hentry"],"_links":{"self":[{"href":"https:\/\/www.ast-est.at\/index.php?rest_route=\/wp\/v2\/pages\/10","targetHints":{"allow":["GET"]}}],"collection":[{"href":"https:\/\/www.ast-est.at\/index.php?rest_route=\/wp\/v2\/pages"}],"about":[{"href":"https:\/\/www.ast-est.at\/index.php?rest_route=\/wp\/v2\/types\/page"}],"author":[{"embeddable":true,"href":"https:\/\/www.ast-est.at\/index.php?rest_route=\/wp\/v2\/users\/4"}],"replies":[{"embeddable":true,"href":"https:\/\/www.ast-est.at\/index.php?rest_route=%2Fwp%2Fv2%2Fcomments&post=10"}],"version-history":[{"count":11,"href":"https:\/\/www.ast-est.at\/index.php?rest_route=\/wp\/v2\/pages\/10\/revisions"}],"predecessor-version":[{"id":2402,"href":"https:\/\/www.ast-est.at\/index.php?rest_route=\/wp\/v2\/pages\/10\/revisions\/2402"}],"wp:attachment":[{"href":"https:\/\/www.ast-est.at\/index.php?rest_route=%2Fwp%2Fv2%2Fmedia&parent=10"}],"curies":[{"name":"wp","href":"https:\/\/api.w.org\/{rel}","templated":true}]}}